{"id":6,"date":"2015-03-12T18:47:19","date_gmt":"2015-03-12T18:47:19","guid":{"rendered":"http:\/\/www.adncnc.com\/maquinas\/?page_id=6"},"modified":"2015-04-17T12:56:59","modified_gmt":"2015-04-17T12:56:59","slug":"home","status":"publish","type":"page","link":"http:\/\/www.adncnc.com\/maquinas\/","title":{"rendered":"Home"},"content":{"rendered":"<p><img loading=\"lazy\" decoding=\"async\" src=\"http:\/\/www.adncnc.com\/maquinas\/wp-content\/uploads\/2015\/03\/home4.jpg\" alt=\"home\" width=\"630\" height=\"491\" border=\"0\" usemap=\"#Map\" class=\"alignnone size-full wp-image-252\" srcset=\"http:\/\/www.adncnc.com\/maquinas\/wp-content\/uploads\/2015\/03\/home4.jpg 630w, http:\/\/www.adncnc.com\/maquinas\/wp-content\/uploads\/2015\/03\/home4-300x234.jpg 300w\" sizes=\"auto, (max-width: 630px) 100vw, 630px\" \/><\/p>\n<map name=\"Map\">\n<area shape=\"rect\" coords=\"368,253,623,484\" href=\"http:\/\/www.adncnc.com\/maquinas\/galeria-de-fotos\/\">\n<area shape=\"rect\" coords=\"8,254,273,481\" href=\"http:\/\/www.adncnc.com\/maquinas\/servicios\/\">\n<area shape=\"rect\" coords=\"366,4,620,224\" href=\"http:\/\/www.adncnc.com\/maquinas\/maquinas-especiales\/\">\n<area shape=\"rect\" coords=\"9,3,273,229\" href=\"http:\/\/www.adncnc.com\/maquinas\/maquinas-standard\/\">\n<\/map>\n<p>En<strong> ADN<\/strong> nos especializamos en brindar soluciones a diferentes industrias. Fabricamos m\u00e1quinas autom\u00e1ticas destinadas a la producci\u00f3n industrial, proveyendo a nuestros clientes con soluciones de nuestra l\u00ednea standard y tambi\u00e9n desarrollos especiales. Tenemos la filosof\u00eda de innovar permanentemente introduciendo mejoras constantes y evolucionando con el mercado. Nuestros esfuerzos apuntan a potenciar la competitividad de los clientes, aportando nuestras capacidades de desarrollar proyectos con alto grado tecnol\u00f3gico introduciendo nuestra experiencia en ingenier\u00eda y dise\u00f1o.<\/p>\n<p>Manteniendo siempre la profesionalidad, respeto y compromiso con los proyectos y nuestros clientes, para garantizar la satisfacci\u00f3n y lograr el \u00e9xito. Nos sentimos orgullosos de la confianza que nos confieren, y nuestra manera de agradecer es con responsabilidad y esfuerzo para que las m\u00e1quinas ADN sean siempre la mejor opci\u00f3n en precio, calidad y confiabilidad.<\/p>\n","protected":false},"excerpt":{"rendered":"<p>En ADN nos especializamos en brindar soluciones a diferentes industrias. Fabricamos m\u00e1quinas autom\u00e1ticas destinadas a la producci\u00f3n industrial, proveyendo a nuestros clientes con soluciones de nuestra l\u00ednea standard y tambi\u00e9n&hellip; <\/p>\n","protected":false},"author":1,"featured_media":31,"parent":0,"menu_order":0,"comment_status":"closed","ping_status":"closed","template":"","meta":{"footnotes":""},"class_list":["post-6","page","type-page","status-publish","has-post-thumbnail","hentry"],"_links":{"self":[{"href":"http:\/\/www.adncnc.com\/maquinas\/wp-json\/wp\/v2\/pages\/6","targetHints":{"allow":["GET"]}}],"collection":[{"href":"http:\/\/www.adncnc.com\/maquinas\/wp-json\/wp\/v2\/pages"}],"about":[{"href":"http:\/\/www.adncnc.com\/maquinas\/wp-json\/wp\/v2\/types\/page"}],"author":[{"embeddable":true,"href":"http:\/\/www.adncnc.com\/maquinas\/wp-json\/wp\/v2\/users\/1"}],"replies":[{"embeddable":true,"href":"http:\/\/www.adncnc.com\/maquinas\/wp-json\/wp\/v2\/comments?post=6"}],"version-history":[{"count":13,"href":"http:\/\/www.adncnc.com\/maquinas\/wp-json\/wp\/v2\/pages\/6\/revisions"}],"predecessor-version":[{"id":255,"href":"http:\/\/www.adncnc.com\/maquinas\/wp-json\/wp\/v2\/pages\/6\/revisions\/255"}],"wp:featuredmedia":[{"embeddable":true,"href":"http:\/\/www.adncnc.com\/maquinas\/wp-json\/wp\/v2\/media\/31"}],"wp:attachment":[{"href":"http:\/\/www.adncnc.com\/maquinas\/wp-json\/wp\/v2\/media?parent=6"}],"curies":[{"name":"wp","href":"https:\/\/api.w.org\/{rel}","templated":true}]}}