{"id":57,"date":"2015-03-13T14:48:56","date_gmt":"2015-03-13T14:48:56","guid":{"rendered":"http:\/\/www.adncnc.com\/maquinas\/?page_id=57"},"modified":"2015-10-05T15:58:10","modified_gmt":"2015-10-05T15:58:10","slug":"la-empresa","status":"publish","type":"page","link":"http:\/\/www.adncnc.com\/maquinas\/la-empresa\/","title":{"rendered":"La Empresa"},"content":{"rendered":"<p><strong>ADN<\/strong> es una empresa joven que se inici\u00f3 como un proyecto profesional. Al pasar el tiempo se convirti\u00f3 en el surgimiento de una organizaci\u00f3n, desde entonces han desarrollado m\u00e1quinas para la industria especializ\u00e1ndose en perfeccionar los procesos para aumentar la productividad que requieren sus clientes. Con una constante innovaci\u00f3n tecnol\u00f3gica y adapt\u00e1ndose a las diferentes demandas del mercado, ofrecen una amplia gama de productos y accesorios para la industria.<br \/>\nAdncnc se especializa en el dise\u00f1o y construcci\u00f3n de m\u00e1quinas con alto grado tecnol\u00f3gico aplicada a los procesos industriales. Cuenta con nueve a\u00f1os de experiencia en el mercado en la venta de maquinaria, implementos para productos industriales y desarrollos para l\u00edneas productivas en el \u00e1rea industrial. En los \u00faltimos a\u00f1os han elaborado m\u00e1quinas autom\u00e1ticas para el procesamiento y empaque de productos agropecuarios a trav\u00e9s de (www.adnpropack.com.ar)<br \/>\nDise\u00f1a, fabrica y brinda soluciones mec\u00e1nicas y electr\u00f3nicas, consultor\u00edas y asesoramientos post-ventas orientadas al sector industrial.<\/p>\n<p><strong>Recursos humanos y cultura corporativa:<\/strong><br \/>\nAl ser una organizaci\u00f3n que se inici\u00f3 como un proyecto familiar, se basa en valores tradicionales que implican el respeto y la participaci\u00f3n entre sus miembros. El intercambio constante de opiniones e ideas entre sus integrantes llevan a esta empresa al crecimiento no solo productivo desde el punto de vista comercial sino en la conformaci\u00f3n de sus recursos humanos intelectuales y actitudinales.<\/p>\n<p><strong>Misi\u00f3n: <\/strong><br \/>\nSomos una empresa proveedora de soluciones integrales y envasado de productos. Dise\u00f1amos y desarrollamos m\u00e1quinas para la industria, brindando asistencia t\u00e9cnica y de post venta. Ofrecemos soluciones completas a medida que pretenden satisfacer las expectativas de nuestros clientes.<\/p>\n<p><strong>Visi\u00f3n: <\/strong><br \/>\nNos proponemos ser una empresa en la que sus integrantes potencien sus cualidades para lograr a largo plazo ser l\u00edderes en la fabricaci\u00f3n de m\u00e1quinas de alto grado tecnol\u00f3gico con reconocimiento nacional e internacional.<br \/>\nAspiramos a formar alianzas estrat\u00e9gicas con empresas de primer nivel, tanto proveedores de tecnolog\u00eda como tambi\u00e9n de insumos que requieran maquinas espec\u00edficas para aumentar sus ventas.-<\/p>\n<p><strong>Valores:<\/strong><br \/>\nTrabajar en equipo, con honestidad, compromiso, respeto a los clientes, al personal interno y proveedores, as\u00ed como tambi\u00e9n nos preocupa proteger el medio ambiente, trabajar en la mejora continua e innovaci\u00f3n de m\u00e1quinas desarrollando nuevas propiedades productivas para ofrecer a nuestros clientes.<\/p>\n<p><strong>Promesa: <\/strong><br \/>\nPerfeccionar el desarrollo de m\u00e1quinas industriales dise\u00f1adas a pedido para satisfacer las necesidades productivas del cliente.<\/p>\n<p><a href=\"http:\/\/www.adncnc.com\/maquinas\/wp-content\/uploads\/2015\/03\/visita.jpg\"><img loading=\"lazy\" decoding=\"async\" class=\"alignnone size-full wp-image-357\" src=\"http:\/\/www.adncnc.com\/maquinas\/wp-content\/uploads\/2015\/03\/visita.jpg\" alt=\"visita\" width=\"600\" height=\"406\" srcset=\"http:\/\/www.adncnc.com\/maquinas\/wp-content\/uploads\/2015\/03\/visita.jpg 600w, http:\/\/www.adncnc.com\/maquinas\/wp-content\/uploads\/2015\/03\/visita-300x203.jpg 300w\" sizes=\"auto, (max-width: 600px) 100vw, 600px\" \/><\/a><\/p>\n","protected":false},"excerpt":{"rendered":"<p>ADN es una empresa joven que se inici\u00f3 como un proyecto profesional. Al pasar el tiempo se convirti\u00f3 en el surgimiento de una organizaci\u00f3n, desde entonces han desarrollado m\u00e1quinas para&hellip; <\/p>\n","protected":false},"author":1,"featured_media":0,"parent":0,"menu_order":0,"comment_status":"closed","ping_status":"closed","template":"","meta":{"footnotes":""},"class_list":["post-57","page","type-page","status-publish","hentry"],"_links":{"self":[{"href":"http:\/\/www.adncnc.com\/maquinas\/wp-json\/wp\/v2\/pages\/57","targetHints":{"allow":["GET"]}}],"collection":[{"href":"http:\/\/www.adncnc.com\/maquinas\/wp-json\/wp\/v2\/pages"}],"about":[{"href":"http:\/\/www.adncnc.com\/maquinas\/wp-json\/wp\/v2\/types\/page"}],"author":[{"embeddable":true,"href":"http:\/\/www.adncnc.com\/maquinas\/wp-json\/wp\/v2\/users\/1"}],"replies":[{"embeddable":true,"href":"http:\/\/www.adncnc.com\/maquinas\/wp-json\/wp\/v2\/comments?post=57"}],"version-history":[{"count":7,"href":"http:\/\/www.adncnc.com\/maquinas\/wp-json\/wp\/v2\/pages\/57\/revisions"}],"predecessor-version":[{"id":434,"href":"http:\/\/www.adncnc.com\/maquinas\/wp-json\/wp\/v2\/pages\/57\/revisions\/434"}],"wp:attachment":[{"href":"http:\/\/www.adncnc.com\/maquinas\/wp-json\/wp\/v2\/media?parent=57"}],"curies":[{"name":"wp","href":"https:\/\/api.w.org\/{rel}","templated":true}]}}